{"id":113,"date":"2024-05-31T10:12:13","date_gmt":"2024-05-31T08:12:13","guid":{"rendered":"https:\/\/ane-en-berry.fr\/?page_id=113"},"modified":"2024-05-31T15:05:20","modified_gmt":"2024-05-31T13:05:20","slug":"presentation","status":"publish","type":"page","link":"https:\/\/ane-en-berry.fr\/index.php\/presentation\/","title":{"rendered":"Pr\u00e9sentation"},"content":{"rendered":"\t\t<div data-elementor-type=\"wp-page\" data-elementor-id=\"113\" class=\"elementor elementor-113\">\n\t\t\t\t\t\t<section class=\"elementor-section elementor-top-section elementor-element elementor-element-7401f5bd elementor-section-full_width elementor-section-height-default elementor-section-height-default\" data-id=\"7401f5bd\" data-element_type=\"section\" data-settings=\"{&quot;background_background&quot;:&quot;classic&quot;}\">\n\t\t\t\t\t\t<div class=\"elementor-container elementor-column-gap-no\">\n\t\t\t\t\t<div class=\"elementor-column elementor-col-100 elementor-top-column elementor-element elementor-element-34dbef58\" data-id=\"34dbef58\" data-element_type=\"column\">\n\t\t\t<div class=\"elementor-widget-wrap elementor-element-populated\">\n\t\t\t\t\t\t<section class=\"elementor-section elementor-inner-section elementor-element elementor-element-48be66f3 elementor-section-boxed elementor-section-height-default elementor-section-height-default\" data-id=\"48be66f3\" data-element_type=\"section\">\n\t\t\t\t\t\t<div class=\"elementor-container elementor-column-gap-no\">\n\t\t\t\t\t<div class=\"elementor-column elementor-col-100 elementor-inner-column elementor-element elementor-element-3fd3531e\" data-id=\"3fd3531e\" data-element_type=\"column\" data-settings=\"{&quot;background_background&quot;:&quot;classic&quot;}\">\n\t\t\t<div class=\"elementor-widget-wrap elementor-element-populated\">\n\t\t\t\t\t\t<div class=\"elementor-element elementor-element-57c727e3 elementor-widget elementor-widget-heading\" data-id=\"57c727e3\" data-element_type=\"widget\" data-widget_type=\"heading.default\">\n\t\t\t\t<div class=\"elementor-widget-container\">\n\t\t\t<style>\/*! elementor - v3.21.0 - 26-05-2024 *\/\n.elementor-heading-title{padding:0;margin:0;line-height:1}.elementor-widget-heading .elementor-heading-title[class*=elementor-size-]>a{color:inherit;font-size:inherit;line-height:inherit}.elementor-widget-heading .elementor-heading-title.elementor-size-small{font-size:15px}.elementor-widget-heading .elementor-heading-title.elementor-size-medium{font-size:19px}.elementor-widget-heading .elementor-heading-title.elementor-size-large{font-size:29px}.elementor-widget-heading .elementor-heading-title.elementor-size-xl{font-size:39px}.elementor-widget-heading .elementor-heading-title.elementor-size-xxl{font-size:59px}<\/style><h2 class=\"elementor-heading-title elementor-size-default\">ane-en-berry, un groupe de passionn\u00e9s d'\u00e2nes en Centre France.<\/h2>\t\t<\/div>\n\t\t\t\t<\/div>\n\t\t\t\t\t<\/div>\n\t\t<\/div>\n\t\t\t\t\t<\/div>\n\t\t<\/section>\n\t\t\t\t<section class=\"elementor-section elementor-inner-section elementor-element elementor-element-5808d4be elementor-section-boxed elementor-section-height-default elementor-section-height-default\" data-id=\"5808d4be\" data-element_type=\"section\">\n\t\t\t\t\t\t<div class=\"elementor-container elementor-column-gap-default\">\n\t\t\t\t\t<div class=\"elementor-column elementor-col-50 elementor-inner-column elementor-element elementor-element-5135d7d0\" data-id=\"5135d7d0\" data-element_type=\"column\">\n\t\t\t<div class=\"elementor-widget-wrap elementor-element-populated\">\n\t\t\t\t\t\t<div class=\"elementor-element elementor-element-242ac0de elementor-widget elementor-widget-heading\" data-id=\"242ac0de\" data-element_type=\"widget\" data-widget_type=\"heading.default\">\n\t\t\t\t<div class=\"elementor-widget-container\">\n\t\t\t<h2 class=\"elementor-heading-title elementor-size-default\">Bienvenue<\/h2>\t\t<\/div>\n\t\t\t\t<\/div>\n\t\t\t\t<div class=\"elementor-element elementor-element-71aaf440 elementor-widget elementor-widget-text-editor\" data-id=\"71aaf440\" data-element_type=\"widget\" data-widget_type=\"text-editor.default\">\n\t\t\t\t<div class=\"elementor-widget-container\">\n\t\t\t<style>\/*! elementor - v3.21.0 - 26-05-2024 *\/\n.elementor-widget-text-editor.elementor-drop-cap-view-stacked .elementor-drop-cap{background-color:#69727d;color:#fff}.elementor-widget-text-editor.elementor-drop-cap-view-framed .elementor-drop-cap{color:#69727d;border:3px solid;background-color:transparent}.elementor-widget-text-editor:not(.elementor-drop-cap-view-default) .elementor-drop-cap{margin-top:8px}.elementor-widget-text-editor:not(.elementor-drop-cap-view-default) .elementor-drop-cap-letter{width:1em;height:1em}.elementor-widget-text-editor .elementor-drop-cap{float:left;text-align:center;line-height:1;font-size:50px}.elementor-widget-text-editor .elementor-drop-cap-letter{display:inline-block}<\/style>\t\t\t\t<p>Qui ne conna\u00eet pas les \u00e2nes ? Personne. Il reste dans l&rsquo;esprit de chacun un souvenir d&rsquo;enfance soit par un grand p\u00e8re qui en avait un ou soit par les contes et les images. Mais souvent d\u00e9crit n\u00e9gativement.<\/p><p>\u00a0<\/p><p><strong>\u00a0En fait il se r\u00e9v\u00e8le comme un formidable compagnon dans :<\/strong><\/p><p>Les loisirs &#8211; le travail &#8211; la m\u00e9diation &#8211; les animations &#8211; les c\u00e9r\u00e9monies etc&#8230;<\/p><p>Bref, il est partout ! Partout o\u00f9 l&rsquo;on veut bien qu&rsquo;il soit ! Cet animal dot\u00e9 pour les uns de tous les d\u00e9fauts de la terre, juste bon \u00e0 travailler comme esclave de l&rsquo;homme.<\/p><p>Par d&rsquo;autres, \u00a0dou\u00e9 de toutes les qualit\u00e9s. Il \u00a0sait se faire aimer pour qui s&rsquo;int\u00e9resse \u00e0 lui !<\/p><p>Les adh\u00e9rents de notre Association partagent de bons moments lors de randonn\u00e9es organis\u00e9es autour de chez eux<\/p><p>afin d&rsquo;\u00e9changer et d\u00e9couvrir de nouveaux lieux et le d\u00e9couvrir lui !<\/p><p>\u00a0<\/p><p>\u00a0Merci \u00e0 toi l&rsquo;\u00e2ne pour ton courage et ta bont\u00e9.<\/p>\t\t\t\t\t\t<\/div>\n\t\t\t\t<\/div>\n\t\t\t\t<div class=\"elementor-element elementor-element-50979a54 elementor-widget elementor-widget-image\" data-id=\"50979a54\" data-element_type=\"widget\" data-widget_type=\"image.default\">\n\t\t\t\t<div class=\"elementor-widget-container\">\n\t\t\t<style>\/*! elementor - v3.21.0 - 26-05-2024 *\/\n.elementor-widget-image{text-align:center}.elementor-widget-image a{display:inline-block}.elementor-widget-image a img[src$=\".svg\"]{width:48px}.elementor-widget-image img{vertical-align:middle;display:inline-block}<\/style>\t\t\t\t\t\t\t\t\t\t<img fetchpriority=\"high\" decoding=\"async\" width=\"800\" height=\"590\" src=\"https:\/\/ane-en-berry.fr\/wp-content\/uploads\/2024\/05\/cropped-DSCN0261-scaled-1-1024x755.jpg\" class=\"attachment-large size-large wp-image-105\" alt=\"\" srcset=\"https:\/\/ane-en-berry.fr\/wp-content\/uploads\/2024\/05\/cropped-DSCN0261-scaled-1-1024x755.jpg 1024w, https:\/\/ane-en-berry.fr\/wp-content\/uploads\/2024\/05\/cropped-DSCN0261-scaled-1-300x221.jpg 300w, https:\/\/ane-en-berry.fr\/wp-content\/uploads\/2024\/05\/cropped-DSCN0261-scaled-1-768x566.jpg 768w, https:\/\/ane-en-berry.fr\/wp-content\/uploads\/2024\/05\/cropped-DSCN0261-scaled-1-1536x1132.jpg 1536w, https:\/\/ane-en-berry.fr\/wp-content\/uploads\/2024\/05\/cropped-DSCN0261-scaled-1-1140x840.jpg 1140w, https:\/\/ane-en-berry.fr\/wp-content\/uploads\/2024\/05\/cropped-DSCN0261-scaled-1.jpg 1969w\" sizes=\"(max-width: 800px) 100vw, 800px\" \/>\t\t\t\t\t\t\t\t\t\t\t\t\t<\/div>\n\t\t\t\t<\/div>\n\t\t\t\t\t<\/div>\n\t\t<\/div>\n\t\t\t\t<div class=\"elementor-column elementor-col-50 elementor-inner-column elementor-element elementor-element-2bc557ec\" data-id=\"2bc557ec\" data-element_type=\"column\">\n\t\t\t<div class=\"elementor-widget-wrap elementor-element-populated\">\n\t\t\t\t\t\t<div class=\"elementor-element elementor-element-fff47bb elementor-widget elementor-widget-spacer\" data-id=\"fff47bb\" data-element_type=\"widget\" data-widget_type=\"spacer.default\">\n\t\t\t\t<div class=\"elementor-widget-container\">\n\t\t\t<style>\/*! elementor - v3.21.0 - 26-05-2024 *\/\n.elementor-column .elementor-spacer-inner{height:var(--spacer-size)}.e-con{--container-widget-width:100%}.e-con-inner>.elementor-widget-spacer,.e-con>.elementor-widget-spacer{width:var(--container-widget-width,var(--spacer-size));--align-self:var(--container-widget-align-self,initial);--flex-shrink:0}.e-con-inner>.elementor-widget-spacer>.elementor-widget-container,.e-con>.elementor-widget-spacer>.elementor-widget-container{height:100%;width:100%}.e-con-inner>.elementor-widget-spacer>.elementor-widget-container>.elementor-spacer,.e-con>.elementor-widget-spacer>.elementor-widget-container>.elementor-spacer{height:100%}.e-con-inner>.elementor-widget-spacer>.elementor-widget-container>.elementor-spacer>.elementor-spacer-inner,.e-con>.elementor-widget-spacer>.elementor-widget-container>.elementor-spacer>.elementor-spacer-inner{height:var(--container-widget-height,var(--spacer-size))}.e-con-inner>.elementor-widget-spacer.elementor-widget-empty,.e-con>.elementor-widget-spacer.elementor-widget-empty{position:relative;min-height:22px;min-width:22px}.e-con-inner>.elementor-widget-spacer.elementor-widget-empty .elementor-widget-empty-icon,.e-con>.elementor-widget-spacer.elementor-widget-empty .elementor-widget-empty-icon{position:absolute;top:0;bottom:0;left:0;right:0;margin:auto;padding:0;width:22px;height:22px}<\/style>\t\t<div class=\"elementor-spacer\">\n\t\t\t<div class=\"elementor-spacer-inner\"><\/div>\n\t\t<\/div>\n\t\t\t\t<\/div>\n\t\t\t\t<\/div>\n\t\t\t\t<div class=\"elementor-element elementor-element-58429120 elementor-widget elementor-widget-google_maps\" data-id=\"58429120\" data-element_type=\"widget\" data-widget_type=\"google_maps.default\">\n\t\t\t\t<div class=\"elementor-widget-container\">\n\t\t\t<style>\/*! elementor - v3.21.0 - 26-05-2024 *\/\n.elementor-widget-google_maps .elementor-widget-container{overflow:hidden}.elementor-widget-google_maps .elementor-custom-embed{line-height:0}.elementor-widget-google_maps iframe{height:300px}<\/style>\t\t<div class=\"elementor-custom-embed\">\n\t\t\t<iframe loading=\"lazy\"\n\t\t\t\t\tsrc=\"https:\/\/maps.google.com\/maps?q=Perrassay&#038;t=m&#038;z=10&#038;output=embed&#038;iwloc=near\"\n\t\t\t\t\ttitle=\"Perrassay\"\n\t\t\t\t\taria-label=\"Perrassay\"\n\t\t\t><\/iframe>\n\t\t<\/div>\n\t\t\t\t<\/div>\n\t\t\t\t<\/div>\n\t\t\t\t\t<\/div>\n\t\t<\/div>\n\t\t\t\t\t<\/div>\n\t\t<\/section>\n\t\t\t\t\t<\/div>\n\t\t<\/div>\n\t\t\t\t\t<\/div>\n\t\t<\/section>\n\t\t\t\t<\/div>\n\t\t","protected":false},"excerpt":{"rendered":"<p>ane-en-berry, un groupe de passionn\u00e9s d&rsquo;\u00e2nes en Centre France. Bienvenue Qui ne conna\u00eet pas les \u00e2nes ? Personne. Il reste dans l&rsquo;esprit de chacun un souvenir d&rsquo;enfance soit par un grand p\u00e8re qui en avait un ou soit par les contes et les images. Mais souvent d\u00e9crit n\u00e9gativement. \u00a0 \u00a0En fait il se r\u00e9v\u00e8le comme [&hellip;]<\/p>\n","protected":false},"author":1,"featured_media":0,"parent":0,"menu_order":0,"comment_status":"closed","ping_status":"closed","template":"elementor_header_footer","meta":{"footnotes":""},"class_list":["post-113","page","type-page","status-publish","hentry"],"_links":{"self":[{"href":"https:\/\/ane-en-berry.fr\/index.php\/wp-json\/wp\/v2\/pages\/113","targetHints":{"allow":["GET"]}}],"collection":[{"href":"https:\/\/ane-en-berry.fr\/index.php\/wp-json\/wp\/v2\/pages"}],"about":[{"href":"https:\/\/ane-en-berry.fr\/index.php\/wp-json\/wp\/v2\/types\/page"}],"author":[{"embeddable":true,"href":"https:\/\/ane-en-berry.fr\/index.php\/wp-json\/wp\/v2\/users\/1"}],"replies":[{"embeddable":true,"href":"https:\/\/ane-en-berry.fr\/index.php\/wp-json\/wp\/v2\/comments?post=113"}],"version-history":[{"count":7,"href":"https:\/\/ane-en-berry.fr\/index.php\/wp-json\/wp\/v2\/pages\/113\/revisions"}],"predecessor-version":[{"id":195,"href":"https:\/\/ane-en-berry.fr\/index.php\/wp-json\/wp\/v2\/pages\/113\/revisions\/195"}],"wp:attachment":[{"href":"https:\/\/ane-en-berry.fr\/index.php\/wp-json\/wp\/v2\/media?parent=113"}],"curies":[{"name":"wp","href":"https:\/\/api.w.org\/{rel}","templated":true}]}}